{"id":54,"date":"2021-06-08T08:03:17","date_gmt":"2021-06-08T08:03:17","guid":{"rendered":"https:\/\/limfjordsnyt.conicio.dk\/?page_id=54"},"modified":"2026-02-26T16:55:24","modified_gmt":"2026-02-26T16:55:24","slug":"daekningsomr","status":"publish","type":"page","link":"https:\/\/limfjordsnyt.dk\/?page_id=54","title":{"rendered":"Daekningsomr"},"content":{"rendered":"\t\t<div data-elementor-type=\"wp-page\" data-elementor-id=\"54\" class=\"elementor elementor-54\">\n\t\t\t\t\t\t<section class=\"elementor-section elementor-top-section elementor-element elementor-element-9e4f0c6 elementor-section-boxed elementor-section-height-default elementor-section-height-default\" data-id=\"9e4f0c6\" data-element_type=\"section\" data-e-type=\"section\">\n\t\t\t\t\t\t<div class=\"elementor-container elementor-column-gap-default\">\n\t\t\t\t\t<div class=\"elementor-column elementor-col-100 elementor-top-column elementor-element elementor-element-f14c8ba\" data-id=\"f14c8ba\" data-element_type=\"column\" data-e-type=\"column\">\n\t\t\t<div class=\"elementor-widget-wrap elementor-element-populated\">\n\t\t\t\t\t\t<div class=\"elementor-element elementor-element-b976d1a elementor-widget elementor-widget-image\" data-id=\"b976d1a\" data-element_type=\"widget\" data-e-type=\"widget\" data-widget_type=\"image.default\">\n\t\t\t\t<div class=\"elementor-widget-container\">\n\t\t\t\t\t\t\t\t\t\t\t\t\t\t\t<img fetchpriority=\"high\" decoding=\"async\" width=\"1920\" height=\"133\" src=\"https:\/\/limfjordsnyt.dk\/wp-content\/uploads\/2024\/05\/NYT-AVISHOVED3_.jpg\" class=\"attachment-full size-full wp-image-615\" alt=\"\" srcset=\"https:\/\/limfjordsnyt.dk\/wp-content\/uploads\/2024\/05\/NYT-AVISHOVED3_.jpg 1920w, https:\/\/limfjordsnyt.dk\/wp-content\/uploads\/2024\/05\/NYT-AVISHOVED3_-300x21.jpg 300w, https:\/\/limfjordsnyt.dk\/wp-content\/uploads\/2024\/05\/NYT-AVISHOVED3_-1024x71.jpg 1024w, https:\/\/limfjordsnyt.dk\/wp-content\/uploads\/2024\/05\/NYT-AVISHOVED3_-768x53.jpg 768w, https:\/\/limfjordsnyt.dk\/wp-content\/uploads\/2024\/05\/NYT-AVISHOVED3_-1536x106.jpg 1536w, https:\/\/limfjordsnyt.dk\/wp-content\/uploads\/2024\/05\/NYT-AVISHOVED3_-1568x109.jpg 1568w\" sizes=\"(max-width: 1920px) 100vw, 1920px\" style=\"width:100%;height:6.93%;max-width:1920px\" \/>\t\t\t\t\t\t\t\t\t\t\t\t\t\t\t<\/div>\n\t\t\t\t<\/div>\n\t\t\t\t\t<\/div>\n\t\t<\/div>\n\t\t\t\t\t<\/div>\n\t\t<\/section>\n\t\t\t\t<section class=\"elementor-section elementor-top-section elementor-element elementor-element-41a22e3 elementor-section-boxed elementor-section-height-default elementor-section-height-default\" data-id=\"41a22e3\" data-element_type=\"section\" data-e-type=\"section\">\n\t\t\t\t\t\t<div class=\"elementor-container elementor-column-gap-default\">\n\t\t\t\t\t<div class=\"elementor-column elementor-col-50 elementor-top-column elementor-element elementor-element-c974141\" data-id=\"c974141\" data-element_type=\"column\" data-e-type=\"column\">\n\t\t\t<div class=\"elementor-widget-wrap elementor-element-populated\">\n\t\t\t\t\t\t<div class=\"elementor-element elementor-element-2f4e381 elementor-widget elementor-widget-text-editor\" data-id=\"2f4e381\" data-element_type=\"widget\" data-e-type=\"widget\" data-widget_type=\"text-editor.default\">\n\t\t\t\t<div class=\"elementor-widget-container\">\n\t\t\t\t\t\t\t\t\t<p><strong>Udgivelsesdatoer i 2026:<\/strong><br \/><strong>28. januar<\/strong> &#8211; deadline 22. januar<br \/><strong>VALGAVIS 18. marts<\/strong> &#8211; deadline 12. marts<br \/><strong>29. april<\/strong> &#8211; deadline 23. april. <br \/><em>Bem\u00e6rk ekstra avis-d\u00e6kning i Br\u00f8nderslev<\/em><br \/><strong>26. august<\/strong> &#8211; deadline 20. august<br \/><strong>7. oktober<\/strong> &#8211; deadline 1. oktober<br \/><strong>18. november<\/strong> &#8211; deadline 12. november. \u00c5rets juleavis, hvor du kan f\u00e5 din julehilsen med for kun 175 kr. excl. moms.<\/p>\t\t\t\t\t\t\t\t<\/div>\n\t\t\t\t<\/div>\n\t\t\t\t<div class=\"elementor-element elementor-element-23fdbf5 elementor-widget elementor-widget-image\" data-id=\"23fdbf5\" data-element_type=\"widget\" data-e-type=\"widget\" data-widget_type=\"image.default\">\n\t\t\t\t<div class=\"elementor-widget-container\">\n\t\t\t\t\t\t\t\t\t\t\t\t\t\t\t<img decoding=\"async\" width=\"700\" height=\"615\" src=\"https:\/\/limfjordsnyt.dk\/wp-content\/uploads\/2024\/08\/udg2006-2025_b.png\" class=\"attachment-full size-full wp-image-656\" alt=\"\" srcset=\"https:\/\/limfjordsnyt.dk\/wp-content\/uploads\/2024\/08\/udg2006-2025_b.png 700w, https:\/\/limfjordsnyt.dk\/wp-content\/uploads\/2024\/08\/udg2006-2025_b-300x264.png 300w\" sizes=\"(max-width: 700px) 100vw, 700px\" style=\"width:100%;height:87.86%;max-width:700px\" \/>\t\t\t\t\t\t\t\t\t\t\t\t\t\t\t<\/div>\n\t\t\t\t<\/div>\n\t\t\t\t\t<\/div>\n\t\t<\/div>\n\t\t\t\t<div class=\"elementor-column elementor-col-50 elementor-top-column elementor-element elementor-element-3855169\" data-id=\"3855169\" data-element_type=\"column\" data-e-type=\"column\">\n\t\t\t<div class=\"elementor-widget-wrap elementor-element-populated\">\n\t\t\t\t\t\t<div class=\"elementor-element elementor-element-63d8f1d elementor-widget elementor-widget-text-editor\" data-id=\"63d8f1d\" data-element_type=\"widget\" data-e-type=\"widget\" data-widget_type=\"text-editor.default\">\n\t\t\t\t<div class=\"elementor-widget-container\">\n\t\t\t\t\t\t\t\t\t<p><strong>Du finder ogs\u00e5 aviserne i disse dagligvarerbutikker\/steder, hvor der ligger et lille oplag, hvis du ikke har modtaget avisen i din postkasse:<\/strong><\/p><div>Meny, Hals<\/div><div>Dagli&#8217; Brugsen, Hou<\/div><div>Fiskes\u00f8en, Lagunen<\/div><div>Spar, Asaa<\/div><div>Dagli&#8217; Brugsen, Ulsted<\/div><div>Spar, Gandrup<\/div><div>Super Brugsen, Vester Hassing<\/div><div>K\u00f8bmanden i Langholt<\/div><div>Super Brugsen, Vodskov<\/div><div>Dagli&#8217; Brugsen, Sulsted<\/div><div>Dagli&#8217; Brugsen, Tylstrup<br \/>Dagli&#8217; Brugsen, Dybvad<br \/>K\u00f8bmanden, H\u00f8rby<br \/>Meny, \u00d8stervr\u00e5<\/div><div>Meny, \u00d8ster Br\u00f8nderslev<\/div><div>Super Brugsen, Dronninglund<\/div><div>Rema 1000, Hjallerup<\/div><div>Rema 1000, Storvorde<\/div><div>Dagli&#8217; Brugsen, Mou<\/div>\t\t\t\t\t\t\t\t<\/div>\n\t\t\t\t<\/div>\n\t\t\t\t\t<\/div>\n\t\t<\/div>\n\t\t\t\t\t<\/div>\n\t\t<\/section>\n\t\t\t\t<\/div>\n\t\t","protected":false},"excerpt":{"rendered":"<p>Udgivelsesdatoer i 2026:28. januar &#8211; deadline 22. januarVALGAVIS 18. marts &#8211; deadline 12. marts29. april &#8211; deadline 23. april. Bem\u00e6rk ekstra avis-d\u00e6kning i Br\u00f8nderslev26. august &#8211; deadline 20. august7. oktober &#8211; deadline 1. oktober18. november &#8211; deadline 12. november. \u00c5rets juleavis, hvor du kan f\u00e5 din julehilsen med for kun 175 kr. excl. moms. Du&hellip; <a class=\"more-link\" href=\"https:\/\/limfjordsnyt.dk\/?page_id=54\">Continue reading <span class=\"screen-reader-text\">Daekningsomr<\/span><\/a><\/p>\n","protected":false},"author":3,"featured_media":0,"parent":0,"menu_order":0,"comment_status":"closed","ping_status":"closed","template":"","meta":{"footnotes":""},"class_list":["post-54","page","type-page","status-publish","hentry","entry"],"_links":{"self":[{"href":"https:\/\/limfjordsnyt.dk\/index.php?rest_route=\/wp\/v2\/pages\/54","targetHints":{"allow":["GET"]}}],"collection":[{"href":"https:\/\/limfjordsnyt.dk\/index.php?rest_route=\/wp\/v2\/pages"}],"about":[{"href":"https:\/\/limfjordsnyt.dk\/index.php?rest_route=\/wp\/v2\/types\/page"}],"author":[{"embeddable":true,"href":"https:\/\/limfjordsnyt.dk\/index.php?rest_route=\/wp\/v2\/users\/3"}],"replies":[{"embeddable":true,"href":"https:\/\/limfjordsnyt.dk\/index.php?rest_route=%2Fwp%2Fv2%2Fcomments&post=54"}],"version-history":[{"count":112,"href":"https:\/\/limfjordsnyt.dk\/index.php?rest_route=\/wp\/v2\/pages\/54\/revisions"}],"predecessor-version":[{"id":880,"href":"https:\/\/limfjordsnyt.dk\/index.php?rest_route=\/wp\/v2\/pages\/54\/revisions\/880"}],"wp:attachment":[{"href":"https:\/\/limfjordsnyt.dk\/index.php?rest_route=%2Fwp%2Fv2%2Fmedia&parent=54"}],"curies":[{"name":"wp","href":"https:\/\/api.w.org\/{rel}","templated":true}]}}